{"id":26,"date":"2023-04-20T14:50:36","date_gmt":"2023-04-20T12:50:36","guid":{"rendered":"https:\/\/www.spikescogs.com\/sv\/?page_id=26"},"modified":"2023-06-20T14:44:46","modified_gmt":"2023-06-20T12:44:46","slug":"miljopolicy","status":"publish","type":"page","link":"https:\/\/www.spikescogs.com\/sv\/miljopolicy\/","title":{"rendered":"Milj\u00f6policy"},"content":{"rendered":"<p><strong>Vi arbetar f\u00f6r ett effektivt utnyttjande av naturresurser \u2013 i handling och produktutveckling.<\/strong><\/p>\n<p>Arbeta f\u00f6r skyddandet och bevarandet av naturresurser vid l\u00e5ngsiktigt utnyttjande samt att milj\u00f6fr\u00e5gor \u00e4r prioriterade vid utveckling, funktion, kvalitet och ekonomi avseende produkter och tj\u00e4nster.<\/p>\n<p>Arbeta f\u00f6r h\u00f6g resurseffektivitet genom f\u00f6rsiktigt utnyttjande av \u00e4ndliga resurser, skapa\/utnyttja f\u00f6rnyelsebara resurser samt genom \u00e5tervinning och \u00e5terbruk.<\/p>\n<p>Fortl\u00f6pande f\u00f6rb\u00e4ttra kompetens hos personal och partners och g\u00f6ra konsekvensbed\u00f6mningar avseende milj\u00f6fr\u00e5gor samt aktivt underbygga att alla arbetsuppgifter genomf\u00f6rs med stort ansvar.<\/p>\n<p>Arbeta f\u00f6r en milj\u00f6v\u00e4nlig utveckling genom f\u00f6rdomsfritt agerande och genom aktiva samarbeten med h\u00f6gskolor, myndigheter, organisationer och f\u00f6retag.<\/p>\n<p>St\u00f6dja milj\u00f6orienterade projekt, agendor och program av regional, nationell och internationellt intresse och betydelse.<\/p>\n<p>Fortl\u00f6pande utv\u00e4rdera och f\u00f6rb\u00e4ttra arbetsmetoder, produkter och tj\u00e4nster f\u00f6r milj\u00f6ns b\u00e4sta.<\/p>\n","protected":false},"excerpt":{"rendered":"<p>Vi arbetar f\u00f6r ett effektivt utnyttjande av naturresurser \u2013 i handling och produktutveckling.<\/p>\n","protected":false},"author":1,"featured_media":0,"parent":0,"menu_order":40,"comment_status":"closed","ping_status":"closed","template":"","meta":[],"_links":{"self":[{"href":"https:\/\/www.spikescogs.com\/sv\/wp-json\/wp\/v2\/pages\/26"}],"collection":[{"href":"https:\/\/www.spikescogs.com\/sv\/wp-json\/wp\/v2\/pages"}],"about":[{"href":"https:\/\/www.spikescogs.com\/sv\/wp-json\/wp\/v2\/types\/page"}],"author":[{"embeddable":true,"href":"https:\/\/www.spikescogs.com\/sv\/wp-json\/wp\/v2\/users\/1"}],"replies":[{"embeddable":true,"href":"https:\/\/www.spikescogs.com\/sv\/wp-json\/wp\/v2\/comments?post=26"}],"version-history":[{"count":3,"href":"https:\/\/www.spikescogs.com\/sv\/wp-json\/wp\/v2\/pages\/26\/revisions"}],"predecessor-version":[{"id":106,"href":"https:\/\/www.spikescogs.com\/sv\/wp-json\/wp\/v2\/pages\/26\/revisions\/106"}],"wp:attachment":[{"href":"https:\/\/www.spikescogs.com\/sv\/wp-json\/wp\/v2\/media?parent=26"}],"curies":[{"name":"wp","href":"https:\/\/api.w.org\/{rel}","templated":true}]}}