{"id":23,"date":"2023-04-20T14:49:56","date_gmt":"2023-04-20T12:49:56","guid":{"rendered":"https:\/\/www.spikescogs.com\/sv\/?page_id=23"},"modified":"2023-06-20T14:44:10","modified_gmt":"2023-06-20T12:44:10","slug":"processen","status":"publish","type":"page","link":"https:\/\/www.spikescogs.com\/sv\/processen\/","title":{"rendered":"Processen"},"content":{"rendered":"<h2>Fr\u00e5n start till m\u00e5l<\/h2>\n<p>Varje kund \u00e4r mer eller mindre unik n\u00e4r det g\u00e4ller processer, typ av f\u00f6roreningar, milj\u00f6m\u00e5l mm. Reningsmetoderna m\u00e5ste d\u00e4rf\u00f6r anpassas till den specifika kundsituationen.<\/p>\n<p>V\u00e5r 3-stegsmodell skr\u00e4ddarsyr metoderna till aktuell situation. Modellen \u00e4r kostnadseffektiv och inneb\u00e4r att kunden inte g\u00f6r n\u00e5gra \u00e5taganden ut\u00f6ver p\u00e5g\u00e5ende steg:<\/p>\n<ul>\n<li>Labbtest f\u00f6r genomf\u00f6rbarhet \u2013 analyser och prim\u00e4ra effekter<\/li>\n<li>F\u00e4ltf\u00f6rs\u00f6k \u2013 bekr\u00e4ftelse av kvalitetsparametrar i pilotskala<\/li>\n<li>Drifts\u00e4ttning av FADE\/MAAC\/FOSS-anl\u00e4ggning<\/li>\n<\/ul>\n","protected":false},"excerpt":{"rendered":"<p>Varje kund \u00e4r mer eller mindre unik n\u00e4r det g\u00e4ller processer, typ av f\u00f6roreningar, milj\u00f6m\u00e5l mm. V\u00e5r 3-stegsmodell skr\u00e4ddarsyr metoderna till aktuell situation.<\/p>\n","protected":false},"author":1,"featured_media":0,"parent":0,"menu_order":30,"comment_status":"closed","ping_status":"closed","template":"","meta":[],"_links":{"self":[{"href":"https:\/\/www.spikescogs.com\/sv\/wp-json\/wp\/v2\/pages\/23"}],"collection":[{"href":"https:\/\/www.spikescogs.com\/sv\/wp-json\/wp\/v2\/pages"}],"about":[{"href":"https:\/\/www.spikescogs.com\/sv\/wp-json\/wp\/v2\/types\/page"}],"author":[{"embeddable":true,"href":"https:\/\/www.spikescogs.com\/sv\/wp-json\/wp\/v2\/users\/1"}],"replies":[{"embeddable":true,"href":"https:\/\/www.spikescogs.com\/sv\/wp-json\/wp\/v2\/comments?post=23"}],"version-history":[{"count":4,"href":"https:\/\/www.spikescogs.com\/sv\/wp-json\/wp\/v2\/pages\/23\/revisions"}],"predecessor-version":[{"id":105,"href":"https:\/\/www.spikescogs.com\/sv\/wp-json\/wp\/v2\/pages\/23\/revisions\/105"}],"wp:attachment":[{"href":"https:\/\/www.spikescogs.com\/sv\/wp-json\/wp\/v2\/media?parent=23"}],"curies":[{"name":"wp","href":"https:\/\/api.w.org\/{rel}","templated":true}]}}