{"id":18,"date":"2023-04-20T14:47:54","date_gmt":"2023-04-20T12:47:54","guid":{"rendered":"https:\/\/www.spikescogs.com\/sv\/?page_id=18"},"modified":"2023-06-20T14:42:33","modified_gmt":"2023-06-20T12:42:33","slug":"maac-metaller","status":"publish","type":"page","link":"https:\/\/www.spikescogs.com\/sv\/teknologi\/maac-metaller\/","title":{"rendered":"MAAC \u2013 Metaller"},"content":{"rendered":"<p><strong>Metalljonerna tas bort fr\u00e5n l\u00f6sningen och metallerna kan \u00e5tervinnas i koncentrerad form n\u00e4r matrisen har m\u00e4ttats.<\/strong><\/p>\n<p>Upp till 99% av metalljoner kan bindas, till exempel Ag, Al, As, Au, Cd, Co, Cr, Cu, Fe, Hg, Ni, Mo, Mn, Sb, Pb, Pt, Ti, U, V, Zn och fler.<\/p>\n<h2>Typiska MAAC-till\u00e4mpningar<\/h2>\n<h3>Metallindustri<\/h3>\n<p>Styra organiska\/biologiska f\u00f6rh\u00e5llanden i processvatten, stabilisera kemiska \u00e4mnen och \u00e5tervinna metaller ur process- och lakvatten<\/p>\n<h3>Gruvdrift<\/h3>\n<p>\u00c5tervinnametaller fr\u00e5n lakvatten, styra organiska\/biologiska f\u00f6rh\u00e5llanden i processvatten, stabilisera kemiska \u00e4mnen<\/p>\n<h3>Massa och Papper<\/h3>\n<p>Styra organiska\/biologiska f\u00f6rh\u00e5llanden i processvatten, \u00e5tervinna metaller ur process- och lakvatten, stabilisera kemiska \u00e4mnen<\/p>\n<h3>Kemisk industri<\/h3>\n<p>Styra organiska\/biologiska f\u00f6rh\u00e5llanden i processvatten, \u00e5tervinna metaller ur process- och lakvatten, stabilisera kemiska \u00e4mnen<\/p>\n<h3>Jordf\u00f6rb\u00e4ttring<\/h3>\n<p>L\u00f6sg\u00f6ra metaller fr\u00e5n fast material och \u00e5tervinna metaller fr\u00e5n uppsamlat lakvatten<\/p>\n<h3>Dricksvatten<\/h3>\n<p>Slutrena dricksvatten avseende biologiska och kemiska egenskaper<\/p>\n","protected":false},"excerpt":{"rendered":"<p>Ett brett spektrum av vattenburna metalljoner binds h\u00e5rt till en filtermatris.<\/p>\n","protected":false},"author":1,"featured_media":0,"parent":13,"menu_order":20,"comment_status":"closed","ping_status":"closed","template":"","meta":[],"_links":{"self":[{"href":"https:\/\/www.spikescogs.com\/sv\/wp-json\/wp\/v2\/pages\/18"}],"collection":[{"href":"https:\/\/www.spikescogs.com\/sv\/wp-json\/wp\/v2\/pages"}],"about":[{"href":"https:\/\/www.spikescogs.com\/sv\/wp-json\/wp\/v2\/types\/page"}],"author":[{"embeddable":true,"href":"https:\/\/www.spikescogs.com\/sv\/wp-json\/wp\/v2\/users\/1"}],"replies":[{"embeddable":true,"href":"https:\/\/www.spikescogs.com\/sv\/wp-json\/wp\/v2\/comments?post=18"}],"version-history":[{"count":6,"href":"https:\/\/www.spikescogs.com\/sv\/wp-json\/wp\/v2\/pages\/18\/revisions"}],"predecessor-version":[{"id":102,"href":"https:\/\/www.spikescogs.com\/sv\/wp-json\/wp\/v2\/pages\/18\/revisions\/102"}],"up":[{"embeddable":true,"href":"https:\/\/www.spikescogs.com\/sv\/wp-json\/wp\/v2\/pages\/13"}],"wp:attachment":[{"href":"https:\/\/www.spikescogs.com\/sv\/wp-json\/wp\/v2\/media?parent=18"}],"curies":[{"name":"wp","href":"https:\/\/api.w.org\/{rel}","templated":true}]}}