{"id":16,"date":"2023-04-20T14:47:25","date_gmt":"2023-04-20T12:47:25","guid":{"rendered":"https:\/\/www.spikescogs.com\/sv\/?page_id=16"},"modified":"2023-06-20T14:41:48","modified_gmt":"2023-06-20T12:41:48","slug":"fade-organiskt-material","status":"publish","type":"page","link":"https:\/\/www.spikescogs.com\/sv\/teknologi\/fade-organiskt-material\/","title":{"rendered":"FADE \u2013 Organiskt material"},"content":{"rendered":"<p><strong>Det renade organiska materialet, ofta reaktiva fragment, kan bilda nya och stabila f\u00f6reningar, till exempel naturliga n\u00e4rsalter som \u00e4r bra f\u00f6r livsformerna i ytjorden.<\/strong><\/p>\n<p>Nedbrytningsprocessen \u00e4r mycket komplett under aeroba f\u00f6rh\u00e5llanden, normalt +85%.<\/p>\n<p>FADEs anaeroba egenskaper utnyttjas vid nitrifiering och denitrifiering samt mineralisering av restsubstanser.<\/p>\n<h2>Typiska FADE-till\u00e4mpningar<\/h2>\n<h3>Vattenrening<\/h3>\n<p>\u00c5terskapar och uppr\u00e4tth\u00e5ller aeroba och biologiska f\u00f6rh\u00e5llanden hos damm-, grund- och ytvatten<\/p>\n<h3>Avloppsvatten<\/h3>\n<p>Minskar torrsubstansen, bryter ned slam, ger l\u00e5ga BOD-, COD-\/TOC-v\u00e4rden<\/p>\n<h3>G\u00f6dselbrunnar<\/h3>\n<p>Oms\u00e4tter organiskt inneh\u00e5ll till n\u00e4rsalter, ingen avg\u00e5ng av ammoniak, minskar od\u00f6ren<\/p>\n<h3>Marksanering<\/h3>\n<p>Sanering av markf\u00f6roreningar, oljespill mm.<\/p>\n<h3>Biogas och bioetanol<\/h3>\n<p>F\u00f6rbearbetar organiskt material f\u00f6r att h\u00f6ja tillg\u00e5ngen av substrat f\u00f6r gas-\/alkoholproducerande stammar, skapar anaeroba f\u00f6rh\u00e5llanden<\/p>\n<h3>Massa och Papper<\/h3>\n<p>Bryter ned och f\u00f6rebygger biofouling i processer, minskar torrsubstans och fibrer i utg\u00e5ende vatten, uppr\u00e4tth\u00e5ller aeroba f\u00f6rh\u00e5llanden<\/p>\n<h3>Livsmedel<\/h3>\n<p>Minskar torrsubstansen i utg\u00e5ende vatten, bryter ned slam, ger l\u00e5ga BOD- och COD-\/TOC-v\u00e4rden<\/p>\n","protected":false},"excerpt":{"rendered":"<p>L\u00f6st och ol\u00f6st organiskt material bryts ned enzymatiskt till ofarliga substanser inom 48 timmar.<\/p>\n","protected":false},"author":1,"featured_media":0,"parent":13,"menu_order":10,"comment_status":"closed","ping_status":"closed","template":"","meta":[],"_links":{"self":[{"href":"https:\/\/www.spikescogs.com\/sv\/wp-json\/wp\/v2\/pages\/16"}],"collection":[{"href":"https:\/\/www.spikescogs.com\/sv\/wp-json\/wp\/v2\/pages"}],"about":[{"href":"https:\/\/www.spikescogs.com\/sv\/wp-json\/wp\/v2\/types\/page"}],"author":[{"embeddable":true,"href":"https:\/\/www.spikescogs.com\/sv\/wp-json\/wp\/v2\/users\/1"}],"replies":[{"embeddable":true,"href":"https:\/\/www.spikescogs.com\/sv\/wp-json\/wp\/v2\/comments?post=16"}],"version-history":[{"count":8,"href":"https:\/\/www.spikescogs.com\/sv\/wp-json\/wp\/v2\/pages\/16\/revisions"}],"predecessor-version":[{"id":101,"href":"https:\/\/www.spikescogs.com\/sv\/wp-json\/wp\/v2\/pages\/16\/revisions\/101"}],"up":[{"embeddable":true,"href":"https:\/\/www.spikescogs.com\/sv\/wp-json\/wp\/v2\/pages\/13"}],"wp:attachment":[{"href":"https:\/\/www.spikescogs.com\/sv\/wp-json\/wp\/v2\/media?parent=16"}],"curies":[{"name":"wp","href":"https:\/\/api.w.org\/{rel}","templated":true}]}}