{"id":13,"date":"2023-04-20T14:46:59","date_gmt":"2023-04-20T12:46:59","guid":{"rendered":"https:\/\/www.spikescogs.com\/sv\/?page_id=13"},"modified":"2023-06-20T14:41:04","modified_gmt":"2023-06-20T12:41:04","slug":"teknologi","status":"publish","type":"page","link":"https:\/\/www.spikescogs.com\/sv\/teknologi\/","title":{"rendered":"Teknologi"},"content":{"rendered":"<p>Unik kombination av h\u00f6gpotenta enzymer och ekologisk filtermatris ger stora kostnadsbesparingar p\u00e5 kort tid.<\/p>\n","protected":false},"excerpt":{"rendered":"<p>O\u00f6vertr\u00e4ffad bioteknologi f\u00f6r att ta bort f\u00f6roreningar i processvatten. Unik kombination av h\u00f6gpotenta enzymer och ekologisk filtermatris ger stora kostnadsbesparingar p\u00e5 kort tid.<\/p>\n","protected":false},"author":1,"featured_media":0,"parent":0,"menu_order":20,"comment_status":"closed","ping_status":"closed","template":"","meta":[],"_links":{"self":[{"href":"https:\/\/www.spikescogs.com\/sv\/wp-json\/wp\/v2\/pages\/13"}],"collection":[{"href":"https:\/\/www.spikescogs.com\/sv\/wp-json\/wp\/v2\/pages"}],"about":[{"href":"https:\/\/www.spikescogs.com\/sv\/wp-json\/wp\/v2\/types\/page"}],"author":[{"embeddable":true,"href":"https:\/\/www.spikescogs.com\/sv\/wp-json\/wp\/v2\/users\/1"}],"replies":[{"embeddable":true,"href":"https:\/\/www.spikescogs.com\/sv\/wp-json\/wp\/v2\/comments?post=13"}],"version-history":[{"count":4,"href":"https:\/\/www.spikescogs.com\/sv\/wp-json\/wp\/v2\/pages\/13\/revisions"}],"predecessor-version":[{"id":100,"href":"https:\/\/www.spikescogs.com\/sv\/wp-json\/wp\/v2\/pages\/13\/revisions\/100"}],"wp:attachment":[{"href":"https:\/\/www.spikescogs.com\/sv\/wp-json\/wp\/v2\/media?parent=13"}],"curies":[{"name":"wp","href":"https:\/\/api.w.org\/{rel}","templated":true}]}}