{"id":11,"date":"2023-04-20T14:45:54","date_gmt":"2023-04-20T12:45:54","guid":{"rendered":"https:\/\/www.spikescogs.com\/sv\/?page_id=11"},"modified":"2023-06-20T14:40:08","modified_gmt":"2023-06-20T12:40:08","slug":"om-oss","status":"publish","type":"page","link":"https:\/\/www.spikescogs.com\/sv\/om-oss\/","title":{"rendered":"Om oss"},"content":{"rendered":"<h4>Spikes &amp; Cogs \u00e4r ett cleantech-bolag specialiserat p\u00e5 vattenrening utan kemikalier<\/h4>\n<ul>\n<li>Hantering av organiska f\u00f6roreningar, s\u00e5som suspenderat och l\u00f6st material<\/li>\n<li>\u00c5tervinning av ett brett spektrum av metaller\/tungmetaller<\/li>\n<li>Uppsamling av emulgerade oljor, fetter och l\u00f6sningsmedel ur industriella process-, spill- och lakvatten samt yt- och grundvatten<\/li>\n<\/ul>\n<h4>Naturliga och ekologiska biokemiska och biologiska processer<\/h4>\n<ul>\n<li>Bryta ned organiskt material<\/li>\n<li>Binda metaller och tungmetaller<\/li>\n<li>Absorbera fettl\u00f6sliga \u00e4mnen<\/li>\n<li>Stabilisera kemiska rester i vatten<\/li>\n<\/ul>\n<h4>Milj\u00f6m\u00e5let \u00e4r att renade vatten ska kunna \u00e5terg\u00e5 till ekosystemet<\/h4>\n<p>Utg\u00f6r ej en kemisk eller biologisk b\u00f6rda f\u00f6r recipienten, till exempel som ytvatten av god kvalitet, vatten f\u00f6r infiltration och bevattning.<\/p>\n<h4>Utrustningen best\u00e5r av flyttbara enheter som \u00e4r enkla att installera<\/h4>\n<p>P\u00e5verkar ej befintlig utrustning eller processteknik. Komplement eller ers\u00e4ttning till konventionella reningsmetoder.<\/p>\n","protected":false},"excerpt":{"rendered":"<p>Spikes &amp; Cogs \u00e4r ett cleantech-bolag specialiserat p\u00e5 vattenrening utan kemikalier.<\/p>\n","protected":false},"author":1,"featured_media":0,"parent":0,"menu_order":11,"comment_status":"closed","ping_status":"closed","template":"","meta":[],"_links":{"self":[{"href":"https:\/\/www.spikescogs.com\/sv\/wp-json\/wp\/v2\/pages\/11"}],"collection":[{"href":"https:\/\/www.spikescogs.com\/sv\/wp-json\/wp\/v2\/pages"}],"about":[{"href":"https:\/\/www.spikescogs.com\/sv\/wp-json\/wp\/v2\/types\/page"}],"author":[{"embeddable":true,"href":"https:\/\/www.spikescogs.com\/sv\/wp-json\/wp\/v2\/users\/1"}],"replies":[{"embeddable":true,"href":"https:\/\/www.spikescogs.com\/sv\/wp-json\/wp\/v2\/comments?post=11"}],"version-history":[{"count":12,"href":"https:\/\/www.spikescogs.com\/sv\/wp-json\/wp\/v2\/pages\/11\/revisions"}],"predecessor-version":[{"id":98,"href":"https:\/\/www.spikescogs.com\/sv\/wp-json\/wp\/v2\/pages\/11\/revisions\/98"}],"wp:attachment":[{"href":"https:\/\/www.spikescogs.com\/sv\/wp-json\/wp\/v2\/media?parent=11"}],"curies":[{"name":"wp","href":"https:\/\/api.w.org\/{rel}","templated":true}]}}